{"id":1604,"date":"2023-04-23T16:40:34","date_gmt":"2023-04-23T16:39:57","guid":{"rendered":"https:\/\/mcomtop.com\/?page_id=1604"},"modified":"2023-05-02T09:09:08","modified_gmt":"2023-05-02T09:09:08","slug":"le-portrait-du-mois","status":"publish","type":"page","link":"https:\/\/mcomtop.com\/?page_id=1604","title":{"rendered":"Le portrait du mois"},"content":{"rendered":"\n<h2 class=\"blockart-heading blockart-heading-509af012\">MCOMM toute la Story<\/h2>\n\n\n\n<p>Fond\u00e9e en 2017, Mcomm se d\u00e9finit comme une agence de communication digitale et \u00e9v\u00e9nementielle avec une webzine mensuelle. Sa fondatrice revient sur  ses 6 ann\u00e9es d\u2019existence et son offre \u00e9volutif. <\/p>\n\n\n\n<h2 class=\"wp-block-heading\">M@Comm ou Mcomm?<\/h2>\n\n\n\n<p>M@Comm est le nom commercial recoupant les axes de l\u2019information et de la communication g\u00e9r\u00e9s par MCOMM. C\u2019est vrai qu\u2019\u00e0 l\u2019origine la soci\u00e9t\u00e9 s\u2019appelait \u00e9galement M@Comm. L\u2019homographie permet de maintenir le lien.<\/p>\n\n\n\n<h2 class=\"wp-block-heading\">Quel parcours apr\u00e8s 6 ann\u00e9es?<\/h2>\n\n\n\n<p>MCOMM se distingue par les 3 axes fondateurs de son offre : la communication digitale, la communication \u00e9v\u00e9nementielle et le journalisme ind\u00e9pendant. La soci\u00e9t\u00e9 se diversifie gr\u00e2ce aux comp\u00e9tences pluridisciplinaires datant d\u2019une \u00e0 27 ann\u00e9es d\u2019exp\u00e9rience des membres de son \u00e9quipe. Cette diversification prend d\u00e9sormais en charge une conciergerie priv\u00e9e et la commercialisation des produits de mode et beaut\u00e9.  Des \u00e9l\u00e9ments qui, sur la dur\u00e9e, ont permis un changement du statut de l\u2019entreprise. <\/p>\n\n\n\n<h2 class=\"wp-block-heading\">Aujourd\u2019hui, \u00eates-vous satisfaite du r\u00e9sultat de vos efforts?<\/h2>\n\n\n\n<p>Clairement, Non (rires). J\u2019ai simplement pos\u00e9 des jalons d\u2019une entreprise et constate avec surprise que cette aventure d\u00e9marra il y a  d\u00e9j\u00e0 6 ans. Comme tout (e) entrepreneur (e), je suis insatiable : en qu\u00eate permanente d\u2019am\u00e9liorations car la perfection reste un id\u00e9al \u00e0 atteindre. <\/p>\n\n\n\n<h2 class=\"wp-block-heading\">Parlant d\u2019entrepreneuriat, quel lien avec la ligne \u00e9ditoriale?<\/h2>\n\n\n\n<p>Selon la ligne \u00e9ditoriale, l\u2019entreprise est per\u00e7ue comme champ d\u2019exp\u00e9rimentation. Je suis all\u00e9e de l\u2019id\u00e9e selon laquelle la recherche a pour champ concret d\u2019expressions, l\u2019entreprise. Le souhait est la valorisation des comp\u00e9tences des chercheurs et chercheuses issues des domaines autres que les sciences (pures) au sein des entreprises. Voil\u00e0 pourquoi, les t\u00e9moignages d\u2019entrepreneurs et d\u2019entrepreneuses  qui les accueillent  ou qui y sont ouverts, sont les bienvenus. Le partage des parcours et des exp\u00e9riences permet de briser la solitude de l\u2019entrepreneur\/e. D\u2019ouvrir des horizons et synergies possibles. Ce sont des informations que le lectorat retrouvera tous les mois dans le blog. L\u2019abonnement \u00e0 la newsletter est donc conseill\u00e9.<\/p>\n\n\n\n<p> A pr\u00e9ciser que la webzine comporte 3 principales rubriques greff\u00e9es \u00e0 cette ligne \u00e9ditoriale :<\/p>\n\n\n\n<ol class=\"wp-block-list\">\n<li> Le portrait du mois<\/li>\n\n\n\n<li>L\u2019Actu <\/li>\n\n\n\n<li> Quiz & BP (Bons plans). <\/li>\n<\/ol>\n\n\n\n<figure class=\"wp-block-image size-large\"><img fetchpriority=\"high\" decoding=\"async\" width=\"819\" height=\"1024\" src=\"https:\/\/mcomtop.com\/wp-content\/uploads\/2023\/05\/Untitled-Project-3-819x1024.jpg\" alt=\"\" class=\"wp-image-1876\" srcset=\"https:\/\/mcomtop.com\/wp-content\/uploads\/2023\/05\/Untitled-Project-3-819x1024.jpg 819w, https:\/\/mcomtop.com\/wp-content\/uploads\/2023\/05\/Untitled-Project-3-240x300.jpg 240w, https:\/\/mcomtop.com\/wp-content\/uploads\/2023\/05\/Untitled-Project-3-768x960.jpg 768w, https:\/\/mcomtop.com\/wp-content\/uploads\/2023\/05\/Untitled-Project-3-1229x1536.jpg 1229w, https:\/\/mcomtop.com\/wp-content\/uploads\/2023\/05\/Untitled-Project-3-1639x2048.jpg 1639w, https:\/\/mcomtop.com\/wp-content\/uploads\/2023\/05\/Untitled-Project-3-600x750.jpg 600w, https:\/\/mcomtop.com\/wp-content\/uploads\/2023\/05\/Untitled-Project-3-scaled.jpg 2048w\" sizes=\"(max-width: 819px) 100vw, 819px\" \/><figcaption class=\"wp-element-caption\">Webzine, mai 2023, \u00e9d. 1 <\/figcaption><\/figure>\n\n\n\n<h2 class=\"wp-block-heading\">Comment palliez vous vie personnelle et vie professionnelle?<\/h2>\n\n\n\n<p>Tout est question de discipline et d\u2019humilit\u00e9. Avec le temps et l\u2019exp\u00e9rience, j\u2019arrive \u00e0 mieux g\u00e9rer travail et vie personnelle car nous travaillons pour mieux vivre et non le contraire.<\/p>\n\n\n<div class=\"aligncenter wp-block-site-logo\"><a href=\"https:\/\/mcomtop.com\/\" class=\"custom-logo-link\" rel=\"home\"><img decoding=\"async\" width=\"120\" height=\"120\" src=\"https:\/\/mcomtop.com\/wp-content\/uploads\/2022\/11\/cropped-cropped-cropped-cropped-cropped-cropped-cropped-cropped-cropped-cropped-logo-macomm1-2-1-1-1.png\" class=\"custom-logo navbar-brand\" alt=\"MCOMM, Agence de communication \" srcset=\"https:\/\/mcomtop.com\/wp-content\/uploads\/2022\/11\/cropped-cropped-cropped-cropped-cropped-cropped-cropped-cropped-cropped-cropped-logo-macomm1-2-1-1-1.png 240w, https:\/\/mcomtop.com\/wp-content\/uploads\/2022\/11\/cropped-cropped-cropped-cropped-cropped-cropped-cropped-cropped-cropped-cropped-logo-macomm1-2-1-1-1-150x150.png 150w, https:\/\/mcomtop.com\/wp-content\/uploads\/2022\/11\/cropped-cropped-cropped-cropped-cropped-cropped-cropped-cropped-cropped-cropped-logo-macomm1-2-1-1-1-100x100.png 100w\" sizes=\"(max-width: 120px) 100vw, 120px\" \/><\/a><\/div>\n\n\n<p>                                                                           <strong>     La r\u00e9daction<\/strong><\/p>\n","protected":false},"excerpt":{"rendered":"<p>Fond\u00e9e en 2017, Mcomm se d\u00e9finit comme une agence de communication digitale et \u00e9v\u00e9nementielle avec une webzine mensuelle. Sa fondatrice revient sur ses 6 ann\u00e9es d\u2019existence et son offre \u00e9volutif. M@Comm ou Mcomm? M@Comm est le nom commercial recoupant les axes de l\u2019information et de la communication g\u00e9r\u00e9s par MCOMM. C\u2019est vrai qu\u2019\u00e0 l\u2019origine la [&hellip;]<\/p>\n","protected":false},"author":1,"featured_media":0,"parent":0,"menu_order":0,"comment_status":"closed","ping_status":"closed","template":"","meta":{"footnotes":""},"class_list":["post-1604","page","type-page","status-publish","hentry"],"jetpack_sharing_enabled":true,"_links":{"self":[{"href":"https:\/\/mcomtop.com\/index.php?rest_route=\/wp\/v2\/pages\/1604","targetHints":{"allow":["GET"]}}],"collection":[{"href":"https:\/\/mcomtop.com\/index.php?rest_route=\/wp\/v2\/pages"}],"about":[{"href":"https:\/\/mcomtop.com\/index.php?rest_route=\/wp\/v2\/types\/page"}],"author":[{"embeddable":true,"href":"https:\/\/mcomtop.com\/index.php?rest_route=\/wp\/v2\/users\/1"}],"replies":[{"embeddable":true,"href":"https:\/\/mcomtop.com\/index.php?rest_route=%2Fwp%2Fv2%2Fcomments&post=1604"}],"version-history":[{"count":17,"href":"https:\/\/mcomtop.com\/index.php?rest_route=\/wp\/v2\/pages\/1604\/revisions"}],"predecessor-version":[{"id":1948,"href":"https:\/\/mcomtop.com\/index.php?rest_route=\/wp\/v2\/pages\/1604\/revisions\/1948"}],"wp:attachment":[{"href":"https:\/\/mcomtop.com\/index.php?rest_route=%2Fwp%2Fv2%2Fmedia&parent=1604"}],"curies":[{"name":"wp","href":"https:\/\/api.w.org\/{rel}","templated":true}]}}