{"id":1603,"date":"2023-04-23T16:40:34","date_gmt":"2023-04-23T16:39:09","guid":{"rendered":"https:\/\/mcomtop.com\/?page_id=1603"},"modified":"2023-05-03T15:23:10","modified_gmt":"2023-05-03T15:23:10","slug":"ledito","status":"publish","type":"page","link":"https:\/\/mcomtop.com\/?page_id=1603","title":{"rendered":"L&#8217;\u00e9dito"},"content":{"rendered":"\n<h2 class=\"wp-block-heading\">L\u2019\u00e9ditorial du mois de mai<\/h2>\n\n\n\n<p> Dans cette premi\u00e8re \u00e9dition, vous lirez le portrait d\u2019Armel Blazard, fondatrice et pr\u00e9sidente de MCOMM. En infos flash, les Universit\u00e9s de Lyon proposent des journ\u00e9es de formations transversales aux doctorants d\u00e9sireux de mettre leurs th\u00e8ses au service des entreprises. <\/p>\n\n\n\n<p> C\u00f4t\u00e9 client\u00e8le, LCA se pr\u00e9pare \u00e0 recevoir les touristes pour le festival de Cannes apr\u00e8s avoir fait peau neuve depuis mars dernier : son site internet est en ligne.<\/p>\n\n\n\n<p>Bonne lecture,<\/p>\n\n\n\n<p><strong><a href=\"http:\/\/www.armellenellykweha.com\" data-type=\"URL\" data-id=\"www.armellenellykweha.com\">Armelle Nelly Kweha, Journaliste<\/a><\/strong><\/p>\n\n\n\n<figure class=\"wp-block-image size-large\"><img fetchpriority=\"high\" decoding=\"async\" width=\"819\" height=\"1024\" src=\"https:\/\/mcomtop.com\/wp-content\/uploads\/2023\/04\/webzineN\u00b01-1-819x1024.jpg\" alt=\"\" class=\"wp-image-1764\" srcset=\"https:\/\/mcomtop.com\/wp-content\/uploads\/2023\/04\/webzineN\u00b01-1-819x1024.jpg 819w, https:\/\/mcomtop.com\/wp-content\/uploads\/2023\/04\/webzineN\u00b01-1-240x300.jpg 240w, https:\/\/mcomtop.com\/wp-content\/uploads\/2023\/04\/webzineN\u00b01-1-768x960.jpg 768w, https:\/\/mcomtop.com\/wp-content\/uploads\/2023\/04\/webzineN\u00b01-1-1229x1536.jpg 1229w, https:\/\/mcomtop.com\/wp-content\/uploads\/2023\/04\/webzineN\u00b01-1-1639x2048.jpg 1639w, https:\/\/mcomtop.com\/wp-content\/uploads\/2023\/04\/webzineN\u00b01-1-600x750.jpg 600w, https:\/\/mcomtop.com\/wp-content\/uploads\/2023\/04\/webzineN\u00b01-1-scaled.jpg 2048w\" sizes=\"(max-width: 819px) 100vw, 819px\" \/><\/figure>\n\n\n<div class=\"wp-block-site-logo\"><a href=\"https:\/\/mcomtop.com\/\" class=\"custom-logo-link\" rel=\"home\"><img decoding=\"async\" width=\"76\" height=\"76\" src=\"https:\/\/mcomtop.com\/wp-content\/uploads\/2022\/11\/cropped-cropped-cropped-cropped-cropped-cropped-cropped-cropped-cropped-cropped-logo-macomm1-2-1-1-1.png\" class=\"custom-logo navbar-brand\" alt=\"MCOMM, Agence de communication \" srcset=\"https:\/\/mcomtop.com\/wp-content\/uploads\/2022\/11\/cropped-cropped-cropped-cropped-cropped-cropped-cropped-cropped-cropped-cropped-logo-macomm1-2-1-1-1.png 240w, https:\/\/mcomtop.com\/wp-content\/uploads\/2022\/11\/cropped-cropped-cropped-cropped-cropped-cropped-cropped-cropped-cropped-cropped-logo-macomm1-2-1-1-1-150x150.png 150w, https:\/\/mcomtop.com\/wp-content\/uploads\/2022\/11\/cropped-cropped-cropped-cropped-cropped-cropped-cropped-cropped-cropped-cropped-logo-macomm1-2-1-1-1-100x100.png 100w\" sizes=\"(max-width: 76px) 100vw, 76px\" \/><\/a><\/div>","protected":false},"excerpt":{"rendered":"<p>L\u2019\u00e9ditorial du mois de mai Dans cette premi\u00e8re \u00e9dition, vous lirez le portrait d\u2019Armel Blazard, fondatrice et pr\u00e9sidente de MCOMM. En infos flash, les Universit\u00e9s de Lyon proposent des journ\u00e9es de formations transversales aux doctorants d\u00e9sireux de mettre leurs th\u00e8ses au service des entreprises. C\u00f4t\u00e9 client\u00e8le, LCA se pr\u00e9pare \u00e0 recevoir les touristes pour le [&hellip;]<\/p>\n","protected":false},"author":1,"featured_media":0,"parent":0,"menu_order":0,"comment_status":"closed","ping_status":"closed","template":"","meta":{"footnotes":""},"class_list":["post-1603","page","type-page","status-publish","hentry"],"jetpack_sharing_enabled":true,"_links":{"self":[{"href":"https:\/\/mcomtop.com\/index.php?rest_route=\/wp\/v2\/pages\/1603","targetHints":{"allow":["GET"]}}],"collection":[{"href":"https:\/\/mcomtop.com\/index.php?rest_route=\/wp\/v2\/pages"}],"about":[{"href":"https:\/\/mcomtop.com\/index.php?rest_route=\/wp\/v2\/types\/page"}],"author":[{"embeddable":true,"href":"https:\/\/mcomtop.com\/index.php?rest_route=\/wp\/v2\/users\/1"}],"replies":[{"embeddable":true,"href":"https:\/\/mcomtop.com\/index.php?rest_route=%2Fwp%2Fv2%2Fcomments&post=1603"}],"version-history":[{"count":9,"href":"https:\/\/mcomtop.com\/index.php?rest_route=\/wp\/v2\/pages\/1603\/revisions"}],"predecessor-version":[{"id":1950,"href":"https:\/\/mcomtop.com\/index.php?rest_route=\/wp\/v2\/pages\/1603\/revisions\/1950"}],"wp:attachment":[{"href":"https:\/\/mcomtop.com\/index.php?rest_route=%2Fwp%2Fv2%2Fmedia&parent=1603"}],"curies":[{"name":"wp","href":"https:\/\/api.w.org\/{rel}","templated":true}]}}