{"id":1585,"date":"2023-04-23T16:36:02","date_gmt":"2023-04-23T16:36:02","guid":{"rendered":"https:\/\/mcomtop.com\/?page_id=1585"},"modified":"2023-05-01T20:24:56","modified_gmt":"2023-05-01T20:24:56","slug":"nos-packs-formation","status":"publish","type":"page","link":"https:\/\/mcomtop.com\/?page_id=1585","title":{"rendered":"Nos packs coaching"},"content":{"rendered":"\n<h2 class=\"blockart-heading blockart-heading-fd32765c\">A quoi sert le consulting chez M@COMM ?<\/h2>\n\n\n\n<p class=\"blockart-paragraph blockart-paragraph-4daa3772\">\u2013 Il permet de g\u00e9rer votre communication comme un professionnel si vous \u00eates un particulier,<\/p>\n\n\n\n<p class=\"blockart-paragraph blockart-paragraph-780d1556\">\u2013 D\u2019\u00eatre accompagn\u00e9.e par des professionnels form\u00e9s et inform\u00e9s depuis plus de deux d\u00e9cennies,<\/p>\n\n\n\n<p class=\"blockart-paragraph blockart-paragraph-aefaf9de\">\u2013  De briser la solitude du communicant ou de la communicante que vous \u00eates,<\/p>\n\n\n\n<p class=\"blockart-paragraph blockart-paragraph-255f4a63\">\u2013 D\u2019optimiser votre strat\u00e9gie de communication d\u2019entreprise,<\/p>\n\n\n\n<p class=\"blockart-paragraph blockart-paragraph-3bd58d40\"> etc<\/p>\n\n\n\n<h2 class=\"wp-block-heading\">Packs consulting<\/h2>\n\n\n\n<p>MCOMM met \u00e0 disposition de sa client\u00e8le des services de consulting qui vont du particulier \u00e0 l\u2019entreprise passant par le PRO.<\/p>\n\n\n\n<h2 class=\"wp-block-heading\">Le pack PARTICULIER<\/h2>\n\n\n\n<p>Il est id\u00e9al pour toute personne voulant s\u2019informer sur sa propre communication. <\/p>\n\n\n\n<figure class=\"wp-block-table aligncenter\"><table class=\"has-vivid-cyan-blue-to-vivid-purple-gradient-background has-background\"><tbody><tr><td><br><br><br><br>                   <strong> <\/strong><a href=\"https:\/\/mcomtop.com\/?page_id=1521\" data-type=\"URL\" data-id=\"https:\/\/mcomtop.com\/?page_id=1521\"><strong>  PACK<\/strong> PARTICULIER    <\/a>         <br><br><br><br><\/td><\/tr><\/tbody><\/table><figcaption class=\"wp-element-caption\"><strong><kbd><a href=\"https:\/\/mcomtop.com\/?page_id=1521\" data-type=\"URL\" data-id=\"https:\/\/mcomtop.com\/?page_id=1521\">Je choisis ce pack<\/a><\/kbd><\/strong><\/figcaption><\/figure>\n\n\n\n<h2 class=\"wp-block-heading\">Le pack PRO<\/h2>\n\n\n\n<p>Pour toute communication \u00e0  but commercial ou professionnel.<\/p>\n\n\n\n<figure class=\"wp-block-table aligncenter\"><table class=\"has-background\" style=\"background:linear-gradient(135deg,rgb(252,185,0) 0%,rgb(223,192,56) 19%,rgb(255,105,0) 100%)\"><tbody><tr><td><br><br><br><br>                   <strong>   <a href=\"https:\/\/mcomtop.com\/?page_id=1521\" data-type=\"URL\" data-id=\"https:\/\/mcomtop.com\/?page_id=1521\">PACK PRO   <\/a> <\/strong>              <br><br><br><br><\/td><\/tr><\/tbody><\/table><figcaption class=\"wp-element-caption\"><strong><mark style=\"background-color:rgba(0, 0, 0, 0)\" class=\"has-inline-color has-secondary-color\"><kbd><a href=\"https:\/\/mcomtop.com\/?page_id=1521\" data-type=\"URL\" data-id=\"https:\/\/mcomtop.com\/?page_id=1521\">Je choisis ce pack <\/a><\/kbd><\/mark><\/strong><\/figcaption><\/figure>\n\n\n\n<h2 class=\"wp-block-heading\">Le pack ENTREPRISE<\/h2>\n\n\n\n<p>Nos consultants mettent leur expertise au service des entreprises via des formations et interventions selon les probl\u00e9matiques auxquelles elles sont confront\u00e9es.<\/p>\n\n\n\n<figure class=\"wp-block-table aligncenter\"><table class=\"has-cool-to-warm-spectrum-gradient-background has-background\"><tbody><tr><td><br><br><br><br>                    <strong>  <a href=\"https:\/\/mcomtop.com\/?page_id=1521\" data-type=\"URL\" data-id=\"https:\/\/mcomtop.com\/?page_id=1521\">PACK ENTREPRISE <\/a> <\/strong>            <br><br><br><br><\/td><\/tr><\/tbody><\/table><figcaption class=\"wp-element-caption\"><strong><mark style=\"background-color:rgba(0, 0, 0, 0)\" class=\"has-inline-color has-secondary-color\"><kbd><a href=\"https:\/\/mcomtop.com\/?page_id=1521\" data-type=\"URL\" data-id=\"https:\/\/mcomtop.com\/?page_id=1521\">Je choisis ce pack<\/a><\/kbd><\/mark><\/strong><\/figcaption><\/figure>\n","protected":false},"excerpt":{"rendered":"<p>Packs consulting MCOMM met \u00e0 disposition de sa client\u00e8le des services de consulting qui vont du particulier \u00e0 l\u2019entreprise passant par le PRO. Le pack PARTICULIER Il est id\u00e9al pour toute personne voulant s\u2019informer sur sa propre communication. PACK PARTICULIER Je choisis ce pack Le pack PRO Pour toute communication \u00e0 but commercial ou professionnel. [&hellip;]<\/p>\n","protected":false},"author":1,"featured_media":0,"parent":0,"menu_order":0,"comment_status":"closed","ping_status":"closed","template":"","meta":{"footnotes":""},"class_list":["post-1585","page","type-page","status-publish","hentry"],"jetpack_sharing_enabled":true,"_links":{"self":[{"href":"https:\/\/mcomtop.com\/index.php?rest_route=\/wp\/v2\/pages\/1585","targetHints":{"allow":["GET"]}}],"collection":[{"href":"https:\/\/mcomtop.com\/index.php?rest_route=\/wp\/v2\/pages"}],"about":[{"href":"https:\/\/mcomtop.com\/index.php?rest_route=\/wp\/v2\/types\/page"}],"author":[{"embeddable":true,"href":"https:\/\/mcomtop.com\/index.php?rest_route=\/wp\/v2\/users\/1"}],"replies":[{"embeddable":true,"href":"https:\/\/mcomtop.com\/index.php?rest_route=%2Fwp%2Fv2%2Fcomments&post=1585"}],"version-history":[{"count":10,"href":"https:\/\/mcomtop.com\/index.php?rest_route=\/wp\/v2\/pages\/1585\/revisions"}],"predecessor-version":[{"id":1920,"href":"https:\/\/mcomtop.com\/index.php?rest_route=\/wp\/v2\/pages\/1585\/revisions\/1920"}],"wp:attachment":[{"href":"https:\/\/mcomtop.com\/index.php?rest_route=%2Fwp%2Fv2%2Fmedia&parent=1585"}],"curies":[{"name":"wp","href":"https:\/\/api.w.org\/{rel}","templated":true}]}}