{"id":1581,"date":"2023-04-23T16:30:34","date_gmt":"2023-04-23T16:27:09","guid":{"rendered":"https:\/\/mcomtop.com\/?page_id=1581"},"modified":"2023-05-01T21:38:59","modified_gmt":"2023-05-01T21:38:59","slug":"nos-packs-manager","status":"publish","type":"page","link":"https:\/\/mcomtop.com\/?page_id=1581","title":{"rendered":"Nos packs CM"},"content":{"rendered":"\n<h2 class=\"blockart-heading blockart-heading-fd32765c\">Que fait le Community manager chez M@COMM ?<\/h2>\n\n\n\n<p class=\"blockart-paragraph blockart-paragraph-4daa3772\">\u2013 Il cr\u00e9e des pages sur les r\u00e9seaux sociaux<\/p>\n\n\n\n<p class=\"blockart-paragraph blockart-paragraph-780d1556\">-Il cr\u00e9e et publie des contenus et veille \u00e0 l\u2019interaction<\/p>\n\n\n\n<p class=\"blockart-paragraph blockart-paragraph-aefaf9de\">\u2013 Recrute des abonn\u00e9s et influenceurs cibl\u00e9s<\/p>\n\n\n\n<p class=\"blockart-paragraph blockart-paragraph-255f4a63\">\u2013 Administre des groupes et des communaut\u00e9s<\/p>\n\n\n\n<p class=\"blockart-paragraph blockart-paragraph-c0ce45cb\">\u2013 Organise des jeux concours, quiz et sondages<\/p>\n\n\n\n<p class=\"blockart-paragraph blockart-paragraph-62f81c30\">\u2013 R\u00e9dige des diagnostics de pr\u00e9sence sur le web, le calendrier \u00e9ditorial, la newsletter.<\/p>\n\n\n\n<p class=\"blockart-paragraph blockart-paragraph-3fd27c1d\">\u2013 R\u00e9dige des rapports apr\u00e8s analyses des statistiques des pages<\/p>\n\n\n\n<p class=\"blockart-paragraph blockart-paragraph-b22841c0\">\u2013 Ma\u00eetrise vos produits et votre niche clients<\/p>\n\n\n\n<p class=\"blockart-paragraph blockart-paragraph-7a91d32e\">\u2013 G\u00e8re vos missions et vos campagnes de ventes <\/p>\n\n\n\n<p class=\"blockart-paragraph blockart-paragraph-b97ceb37\">\u2013 G\u00e8re votre mailing et vos avis clients.<\/p>\n\n\n\n<h2 class=\"wp-block-heading\">Packs community management<\/h2>\n\n\n\n<p>MCOMM met \u00e0 disposition de sa client\u00e8le des services de CM pour la gestion de vos pages sur les r\u00e9seaux sociaux.  Les packs vont du starter au magnum \u00e0 partir de <strong>100\u20ac<\/strong>.<\/p>\n\n\n\n<p> Le pack Magnum comporte l\u2019ensemble des services de community management sur le web.<\/p>\n\n\n\n<p>Le pack  Gold g\u00e8re jusqu\u2019\u00e0 6 pages. <\/p>\n\n\n\n<p>L\u2019offre starter d\u00e9marre d\u00e8s 2 pages jusqu\u2019\u00e0 4 pages. <\/p>\n\n\n\n<p>Choisissez un pack selon vos besoins et obtenez <strong>devis<\/strong> ainsi qu\u2019une grille d\u00e9taill\u00e9e sur le contenu de chaque pack. Un diagnostic de visibilit\u00e9 sur le web vous est gracieusement offert.<\/p>\n\n\n\n<h2 class=\"wp-block-heading\">Le pack STARTER<\/h2>\n\n\n\n<p>Il est id\u00e9al pour les d\u00e9butants sur le web. <\/p>\n\n\n\n<figure class=\"wp-block-table aligncenter\"><table class=\"has-vivid-cyan-blue-to-vivid-purple-gradient-background has-background\"><tbody><tr><td><br><br><br><br>                   <a href=\"https:\/\/mcomtop.com\/?page_id=1521\" data-type=\"URL\" data-id=\"https:\/\/mcomtop.com\/?page_id=1521\"><strong>   PACK STARTER   <\/strong>  <\/a>           <br><br><br><br><\/td><\/tr><\/tbody><\/table><figcaption class=\"wp-element-caption\"><strong><kbd><a href=\"https:\/\/mcomtop.com\/?page_id=1521\">Je choisis ce pack<\/a><\/kbd><\/strong><\/figcaption><\/figure>\n\n\n\n<h2 class=\"wp-block-heading\">Le pack PREMIUM<\/h2>\n\n\n\n<p>Les CM de MCOMM recommandent ce pack \u00e0 tous ceux qui ont au moins une exp\u00e9rience ant\u00e9rieure avec un CM.<\/p>\n\n\n\n<figure class=\"wp-block-table aligncenter\"><table class=\"has-background\" style=\"background:linear-gradient(135deg,rgb(252,185,0) 0%,rgb(223,192,56) 19%,rgb(255,105,0) 100%)\"><tbody><tr><td><br><br><br><br>                   <strong> <a href=\"https:\/\/mcomtop.com\/?page_id=1521\" data-type=\"URL\" data-id=\"https:\/\/mcomtop.com\/?page_id=1521\">  PACK PREMIUM  <\/a>   <\/strong>              <br><br><br><br><\/td><\/tr><\/tbody><\/table><figcaption class=\"wp-element-caption\"><strong><mark style=\"background-color:rgba(0, 0, 0, 0)\" class=\"has-inline-color has-secondary-color\"><kbd><a href=\"https:\/\/mcomtop.com\/?page_id=1521\" data-type=\"URL\" data-id=\"https:\/\/mcomtop.com\/?page_id=1521\">Je choisis ce pack <\/a><\/kbd><\/mark><\/strong><\/figcaption><\/figure>\n\n\n\n<h2 class=\"wp-block-heading\">Le pack MAGNUM<\/h2>\n\n\n\n<p>On s\u2019occupe de tout pour vous.<\/p>\n\n\n\n<figure class=\"wp-block-table aligncenter\"><table class=\"has-cool-to-warm-spectrum-gradient-background has-background\"><tbody><tr><td><br><br><br><br>                    <strong> <\/strong><a href=\"https:\/\/mcomtop.com\/?page_id=1521\" data-type=\"URL\" data-id=\"https:\/\/mcomtop.com\/?page_id=1521\"><strong> PACK MAGNUM<\/strong>   <\/a>           <br><br><br><br><\/td><\/tr><\/tbody><\/table><figcaption class=\"wp-element-caption\"><strong><mark style=\"background-color:rgba(0, 0, 0, 0)\" class=\"has-inline-color has-secondary-color\"><kbd><a href=\"https:\/\/mcomtop.com\/?page_id=1521\" data-type=\"URL\" data-id=\"https:\/\/mcomtop.com\/?page_id=1521\">Je choisis ce pack<\/a><\/kbd><\/mark><\/strong><\/figcaption><\/figure>\n","protected":false},"excerpt":{"rendered":"<p>Packs community management MCOMM met \u00e0 disposition de sa client\u00e8le des services de CM pour la gestion de vos pages sur les r\u00e9seaux sociaux. Les packs vont du starter au magnum \u00e0 partir de 100\u20ac. Le pack Magnum comporte l\u2019ensemble des services de community management sur le web. Le pack Gold g\u00e8re jusqu\u2019\u00e0 6 pages. [&hellip;]<\/p>\n","protected":false},"author":1,"featured_media":0,"parent":0,"menu_order":0,"comment_status":"closed","ping_status":"closed","template":"","meta":{"footnotes":""},"class_list":["post-1581","page","type-page","status-publish","hentry"],"jetpack_sharing_enabled":true,"_links":{"self":[{"href":"https:\/\/mcomtop.com\/index.php?rest_route=\/wp\/v2\/pages\/1581","targetHints":{"allow":["GET"]}}],"collection":[{"href":"https:\/\/mcomtop.com\/index.php?rest_route=\/wp\/v2\/pages"}],"about":[{"href":"https:\/\/mcomtop.com\/index.php?rest_route=\/wp\/v2\/types\/page"}],"author":[{"embeddable":true,"href":"https:\/\/mcomtop.com\/index.php?rest_route=\/wp\/v2\/users\/1"}],"replies":[{"embeddable":true,"href":"https:\/\/mcomtop.com\/index.php?rest_route=%2Fwp%2Fv2%2Fcomments&post=1581"}],"version-history":[{"count":35,"href":"https:\/\/mcomtop.com\/index.php?rest_route=\/wp\/v2\/pages\/1581\/revisions"}],"predecessor-version":[{"id":1933,"href":"https:\/\/mcomtop.com\/index.php?rest_route=\/wp\/v2\/pages\/1581\/revisions\/1933"}],"wp:attachment":[{"href":"https:\/\/mcomtop.com\/index.php?rest_route=%2Fwp%2Fv2%2Fmedia&parent=1581"}],"curies":[{"name":"wp","href":"https:\/\/api.w.org\/{rel}","templated":true}]}}