{"id":1521,"date":"2023-04-23T13:50:09","date_gmt":"2023-04-23T13:48:56","guid":{"rendered":"https:\/\/mcomtop.com\/?page_id=1521"},"modified":"2023-05-01T19:53:59","modified_gmt":"2023-05-01T19:53:59","slug":"devis","status":"publish","type":"page","link":"https:\/\/mcomtop.com\/?page_id=1521","title":{"rendered":"Devis"},"content":{"rendered":"\n<h2 class=\"blockart-heading blockart-heading-41a64333\">DEVIS<\/h2>\n\n\n\n<p class=\"blockart-paragraph blockart-paragraph-ba6aee15\">MCOMM r\u00e9alise les devis d\u00e8s 20\u20ac. Il s\u2019agit du co\u00fbt moyen d\u20191 heure de travail des ind\u00e9pendants de son \u00e9quipe. Lorsque vous validez le devis et la grille d\u00e9taill\u00e9e de l\u2019offre, un diagnostic de visibilit\u00e9 web vous est transmis gratuitement. <\/p>\n\n\n\n\n\n\n\n<h2 class=\"wp-block-heading has-grey-background-color has-background\">REMPLISSEZ LE FORMULAIRE<\/h2>\n\n\n\n<p>Veuillez indiquer le service concern\u00e9 ainsi que le pack choisi.<\/p>\n\n\n<div class=\"wp-block-jetpack-contact-form is-layout-flex wp-container-jetpack-contact-form-is-layout-026b38f8 wp-block-jetpack-contact-form-is-layout-flex\"><a href=\"https:\/\/mcomtop.com\/?page_id=1521\" target=\"_blank\" rel=\"noopener noreferrer\">Soumettre un formulaire.<\/a><\/div>\n\n\n<p>En cas de difficult\u00e9s, <strong>contactez-nous via le chat en dessous.<\/strong><\/p>\n","protected":false},"excerpt":{"rendered":"<p>REMPLISSEZ LE FORMULAIRE Veuillez indiquer le service concern\u00e9 ainsi que le pack choisi. En cas de difficult\u00e9s, contactez-nous via le chat en dessous.<\/p>\n","protected":false},"author":1,"featured_media":0,"parent":0,"menu_order":0,"comment_status":"closed","ping_status":"closed","template":"","meta":{"footnotes":""},"class_list":["post-1521","page","type-page","status-publish","hentry"],"jetpack_sharing_enabled":true,"_links":{"self":[{"href":"https:\/\/mcomtop.com\/index.php?rest_route=\/wp\/v2\/pages\/1521","targetHints":{"allow":["GET"]}}],"collection":[{"href":"https:\/\/mcomtop.com\/index.php?rest_route=\/wp\/v2\/pages"}],"about":[{"href":"https:\/\/mcomtop.com\/index.php?rest_route=\/wp\/v2\/types\/page"}],"author":[{"embeddable":true,"href":"https:\/\/mcomtop.com\/index.php?rest_route=\/wp\/v2\/users\/1"}],"replies":[{"embeddable":true,"href":"https:\/\/mcomtop.com\/index.php?rest_route=%2Fwp%2Fv2%2Fcomments&post=1521"}],"version-history":[{"count":9,"href":"https:\/\/mcomtop.com\/index.php?rest_route=\/wp\/v2\/pages\/1521\/revisions"}],"predecessor-version":[{"id":1852,"href":"https:\/\/mcomtop.com\/index.php?rest_route=\/wp\/v2\/pages\/1521\/revisions\/1852"}],"wp:attachment":[{"href":"https:\/\/mcomtop.com\/index.php?rest_route=%2Fwp%2Fv2%2Fmedia&parent=1521"}],"curies":[{"name":"wp","href":"https:\/\/api.w.org\/{rel}","templated":true}]}}