{"id":1270,"date":"2023-04-11T11:55:45","date_gmt":"2023-04-11T11:55:45","guid":{"rendered":"https:\/\/mcomtop.com\/?page_id=1270"},"modified":"2023-05-01T19:56:14","modified_gmt":"2023-05-01T19:56:14","slug":"la-webzine","status":"publish","type":"page","link":"https:\/\/mcomtop.com\/?page_id=1270","title":{"rendered":"La webzine"},"content":{"rendered":"\n<h2 class=\"blockart-heading blockart-heading-4f37f336\">L\u2019\u00e9dito<\/h2>\n\n\n\n<p class=\"has-normal-font-size\">M@Comm se singularise par son \u00e9dition mensuelle num\u00e9rique dont la ligne \u00e9ditoriale s\u2019inscrit dans la cr\u00e9ation d\u2019entreprises. Elle a pour cible les cr\u00e9ateurs qui font de l\u2019entreprise le lieu d\u2019expression des comp\u00e9tences, travaux intellectuelles et savoirs tous azimuts. Dans cette premi\u00e8re \u00e9dition, la r\u00e9daction fait le portrait d\u2019Armel Blazard, fondatrice et pr\u00e9sidente de MCOMM.  Un zoom est fait sur l\u2019universit\u00e9 de Lyon qui propose des journ\u00e9es de formations universitaires pour les th\u00e9sards d\u00e9sireux de mettre leurs th\u00e8ses au service des entreprises. C\u00f4t\u00e9 client\u00e8le, LCA Conciergerie a fait peau neuve depuis mars et se pr\u00e9pare \u00e0 recevoir les touristes pour le festival de Cannes.<\/p>\n","protected":false},"excerpt":{"rendered":"<p>M@Comm se singularise par son \u00e9dition mensuelle num\u00e9rique dont la ligne \u00e9ditoriale s\u2019inscrit dans la cr\u00e9ation d\u2019entreprises. Elle a pour cible les cr\u00e9ateurs qui font de l\u2019entreprise le lieu d\u2019expression des comp\u00e9tences, travaux intellectuelles et savoirs tous azimuts. Dans cette premi\u00e8re \u00e9dition, la r\u00e9daction fait le portrait d\u2019Armel Blazard, fondatrice et pr\u00e9sidente de MCOMM. Un [&hellip;]<\/p>\n","protected":false},"author":1,"featured_media":0,"parent":0,"menu_order":0,"comment_status":"closed","ping_status":"closed","template":"templates\/template_blog-grid-sidebar-left.php","meta":{"footnotes":""},"class_list":["post-1270","page","type-page","status-publish","hentry"],"jetpack_sharing_enabled":true,"_links":{"self":[{"href":"https:\/\/mcomtop.com\/index.php?rest_route=\/wp\/v2\/pages\/1270","targetHints":{"allow":["GET"]}}],"collection":[{"href":"https:\/\/mcomtop.com\/index.php?rest_route=\/wp\/v2\/pages"}],"about":[{"href":"https:\/\/mcomtop.com\/index.php?rest_route=\/wp\/v2\/types\/page"}],"author":[{"embeddable":true,"href":"https:\/\/mcomtop.com\/index.php?rest_route=\/wp\/v2\/users\/1"}],"replies":[{"embeddable":true,"href":"https:\/\/mcomtop.com\/index.php?rest_route=%2Fwp%2Fv2%2Fcomments&post=1270"}],"version-history":[{"count":4,"href":"https:\/\/mcomtop.com\/index.php?rest_route=\/wp\/v2\/pages\/1270\/revisions"}],"predecessor-version":[{"id":1575,"href":"https:\/\/mcomtop.com\/index.php?rest_route=\/wp\/v2\/pages\/1270\/revisions\/1575"}],"wp:attachment":[{"href":"https:\/\/mcomtop.com\/index.php?rest_route=%2Fwp%2Fv2%2Fmedia&parent=1270"}],"curies":[{"name":"wp","href":"https:\/\/api.w.org\/{rel}","templated":true}]}}